{"id":79,"date":"2020-01-14T15:45:21","date_gmt":"2020-01-14T15:45:21","guid":{"rendered":"http:\/\/pomerantzfoundation.com\/?page_id=79"},"modified":"2026-03-05T19:18:20","modified_gmt":"2026-03-05T19:18:20","slug":"accueil","status":"publish","type":"page","link":"https:\/\/pomerantzfoundation.com\/fr\/","title":{"rendered":"Accueil"},"content":{"rendered":"\n<h3 class=\"wp-block-heading has-text-align-center text-secondary\"><strong>Fond\u00e9e en 1991 par Saul Pomerantz,&nbsp;la Fondation Pomerantz continue de servir les Montr\u00e9alais sous la supervision de la famille Pomerantz.\n<\/strong><\/h3>\n\n\n\n<p class=\"has-text-align-center\">Une des premi\u00e8res r\u00e9alisations de la Fondation fut la construction de la Maison Pomerantz qui h\u00e9bergeait une \u00e9cole offrant gratuitement des cours d\u2019h\u00e9breu aux enfants. Apr\u00e8s le d\u00e9c\u00e8s de Saul en juin 2002, la Fondation a \u00e9t\u00e9 dirig\u00e9e par Terry Pomerantz jusqu&rsquo;en 2024. Ses fils, Jonathan et Derick Pomerantz, poursuivent la tradition familiale et concentrent une grande partie de l&rsquo;attention et des dons de la fondation sur l&rsquo;aide aux enfants et \u00e0 leurs familles.<\/p>\n","protected":false},"excerpt":{"rendered":"<p>Fond\u00e9e en 1991 par Saul Pomerantz,&nbsp;la Fondation Pomerantz continue de servir les Montr\u00e9alais sous la supervision de la famille Pomerantz. Une des premi\u00e8res r\u00e9alisations de la Fondation fut la construction de la Maison Pomerantz qui h\u00e9bergeait une \u00e9cole offrant gratuitement des cours d\u2019h\u00e9breu aux enfants. Apr\u00e8s le d\u00e9c\u00e8s de Saul en juin 2002, la Fondation &hellip; <a href=\"https:\/\/pomerantzfoundation.com\/fr\/\">Continued<\/a><\/p>\n","protected":false},"author":1,"featured_media":0,"parent":0,"menu_order":-1,"comment_status":"closed","ping_status":"closed","template":"","meta":{"_acf_changed":false,"footnotes":""},"class_list":["post-79","page","type-page","status-publish","hentry"],"acf":[],"yoast_head":"<!-- This site is optimized with the Yoast SEO plugin v27.4 - https:\/\/yoast.com\/product\/yoast-seo-wordpress\/ -->\n<title>Accueil - Pomerantz Foundation<\/title>\n<meta name=\"robots\" content=\"index, follow, max-snippet:-1, max-image-preview:large, max-video-preview:-1\" \/>\n<link rel=\"canonical\" href=\"https:\/\/pomerantzfoundation.com\/fr\/\" \/>\n<meta property=\"og:locale\" content=\"fr_FR\" \/>\n<meta property=\"og:type\" content=\"article\" \/>\n<meta property=\"og:title\" content=\"Accueil - Pomerantz Foundation\" \/>\n<meta property=\"og:description\" content=\"Fond\u00e9e en 1991 par Saul Pomerantz,&nbsp;la Fondation Pomerantz continue de servir les Montr\u00e9alais sous la supervision de la famille Pomerantz. Une des premi\u00e8res r\u00e9alisations de la Fondation fut la construction de la Maison Pomerantz qui h\u00e9bergeait une \u00e9cole offrant gratuitement des cours d\u2019h\u00e9breu aux enfants. Apr\u00e8s le d\u00e9c\u00e8s de Saul en juin 2002, la Fondation &hellip; Continued\" \/>\n<meta property=\"og:url\" content=\"https:\/\/pomerantzfoundation.com\/fr\/\" \/>\n<meta property=\"og:site_name\" content=\"Pomerantz Foundation\" \/>\n<meta property=\"article:modified_time\" content=\"2026-03-05T19:18:20+00:00\" \/>\n<meta name=\"twitter:card\" content=\"summary_large_image\" \/>\n<meta name=\"twitter:label1\" content=\"Dur\u00e9e de lecture estim\u00e9e\" \/>\n\t<meta name=\"twitter:data1\" content=\"1 minute\" \/>\n<script type=\"application\/ld+json\" class=\"yoast-schema-graph\">{\"@context\":\"https:\\\/\\\/schema.org\",\"@graph\":[{\"@type\":\"WebPage\",\"@id\":\"https:\\\/\\\/pomerantzfoundation.com\\\/fr\\\/\",\"url\":\"https:\\\/\\\/pomerantzfoundation.com\\\/fr\\\/\",\"name\":\"Accueil - Pomerantz Foundation\",\"isPartOf\":{\"@id\":\"https:\\\/\\\/pomerantzfoundation.com\\\/#website\"},\"datePublished\":\"2020-01-14T15:45:21+00:00\",\"dateModified\":\"2026-03-05T19:18:20+00:00\",\"breadcrumb\":{\"@id\":\"https:\\\/\\\/pomerantzfoundation.com\\\/fr\\\/#breadcrumb\"},\"inLanguage\":\"fr-FR\",\"potentialAction\":[{\"@type\":\"ReadAction\",\"target\":[\"https:\\\/\\\/pomerantzfoundation.com\\\/fr\\\/\"]}]},{\"@type\":\"BreadcrumbList\",\"@id\":\"https:\\\/\\\/pomerantzfoundation.com\\\/fr\\\/#breadcrumb\",\"itemListElement\":[{\"@type\":\"ListItem\",\"position\":1,\"name\":\"Home\",\"item\":\"https:\\\/\\\/pomerantzfoundation.com\\\/fr\\\/\"},{\"@type\":\"ListItem\",\"position\":2,\"name\":\"Accueil\"}]},{\"@type\":\"WebSite\",\"@id\":\"https:\\\/\\\/pomerantzfoundation.com\\\/#website\",\"url\":\"https:\\\/\\\/pomerantzfoundation.com\\\/\",\"name\":\"Pomerantz Foundation\",\"description\":\"Give a little, it&#039;s easy\",\"potentialAction\":[{\"@type\":\"SearchAction\",\"target\":{\"@type\":\"EntryPoint\",\"urlTemplate\":\"https:\\\/\\\/pomerantzfoundation.com\\\/?s={search_term_string}\"},\"query-input\":{\"@type\":\"PropertyValueSpecification\",\"valueRequired\":true,\"valueName\":\"search_term_string\"}}],\"inLanguage\":\"fr-FR\"}]}<\/script>\n<!-- \/ Yoast SEO plugin. -->","yoast_head_json":{"title":"Accueil - Pomerantz Foundation","robots":{"index":"index","follow":"follow","max-snippet":"max-snippet:-1","max-image-preview":"max-image-preview:large","max-video-preview":"max-video-preview:-1"},"canonical":"https:\/\/pomerantzfoundation.com\/fr\/","og_locale":"fr_FR","og_type":"article","og_title":"Accueil - Pomerantz Foundation","og_description":"Fond\u00e9e en 1991 par Saul Pomerantz,&nbsp;la Fondation Pomerantz continue de servir les Montr\u00e9alais sous la supervision de la famille Pomerantz. Une des premi\u00e8res r\u00e9alisations de la Fondation fut la construction de la Maison Pomerantz qui h\u00e9bergeait une \u00e9cole offrant gratuitement des cours d\u2019h\u00e9breu aux enfants. Apr\u00e8s le d\u00e9c\u00e8s de Saul en juin 2002, la Fondation &hellip; Continued","og_url":"https:\/\/pomerantzfoundation.com\/fr\/","og_site_name":"Pomerantz Foundation","article_modified_time":"2026-03-05T19:18:20+00:00","twitter_card":"summary_large_image","twitter_misc":{"Dur\u00e9e de lecture estim\u00e9e":"1 minute"},"schema":{"@context":"https:\/\/schema.org","@graph":[{"@type":"WebPage","@id":"https:\/\/pomerantzfoundation.com\/fr\/","url":"https:\/\/pomerantzfoundation.com\/fr\/","name":"Accueil - Pomerantz Foundation","isPartOf":{"@id":"https:\/\/pomerantzfoundation.com\/#website"},"datePublished":"2020-01-14T15:45:21+00:00","dateModified":"2026-03-05T19:18:20+00:00","breadcrumb":{"@id":"https:\/\/pomerantzfoundation.com\/fr\/#breadcrumb"},"inLanguage":"fr-FR","potentialAction":[{"@type":"ReadAction","target":["https:\/\/pomerantzfoundation.com\/fr\/"]}]},{"@type":"BreadcrumbList","@id":"https:\/\/pomerantzfoundation.com\/fr\/#breadcrumb","itemListElement":[{"@type":"ListItem","position":1,"name":"Home","item":"https:\/\/pomerantzfoundation.com\/fr\/"},{"@type":"ListItem","position":2,"name":"Accueil"}]},{"@type":"WebSite","@id":"https:\/\/pomerantzfoundation.com\/#website","url":"https:\/\/pomerantzfoundation.com\/","name":"Pomerantz Foundation","description":"Give a little, it&#039;s easy","potentialAction":[{"@type":"SearchAction","target":{"@type":"EntryPoint","urlTemplate":"https:\/\/pomerantzfoundation.com\/?s={search_term_string}"},"query-input":{"@type":"PropertyValueSpecification","valueRequired":true,"valueName":"search_term_string"}}],"inLanguage":"fr-FR"}]}},"_links":{"self":[{"href":"https:\/\/pomerantzfoundation.com\/fr\/wp-json\/wp\/v2\/pages\/79","targetHints":{"allow":["GET"]}}],"collection":[{"href":"https:\/\/pomerantzfoundation.com\/fr\/wp-json\/wp\/v2\/pages"}],"about":[{"href":"https:\/\/pomerantzfoundation.com\/fr\/wp-json\/wp\/v2\/types\/page"}],"author":[{"embeddable":true,"href":"https:\/\/pomerantzfoundation.com\/fr\/wp-json\/wp\/v2\/users\/1"}],"replies":[{"embeddable":true,"href":"https:\/\/pomerantzfoundation.com\/fr\/wp-json\/wp\/v2\/comments?post=79"}],"version-history":[{"count":41,"href":"https:\/\/pomerantzfoundation.com\/fr\/wp-json\/wp\/v2\/pages\/79\/revisions"}],"predecessor-version":[{"id":3274,"href":"https:\/\/pomerantzfoundation.com\/fr\/wp-json\/wp\/v2\/pages\/79\/revisions\/3274"}],"wp:attachment":[{"href":"https:\/\/pomerantzfoundation.com\/fr\/wp-json\/wp\/v2\/media?parent=79"}],"curies":[{"name":"wp","href":"https:\/\/api.w.org\/{rel}","templated":true}]}}