{"id":3153,"date":"2026-04-06T02:17:57","date_gmt":"2026-04-06T02:17:57","guid":{"rendered":"https:\/\/pomerantzfoundation.com\/about\/"},"modified":"2026-05-08T19:24:49","modified_gmt":"2026-05-08T19:24:49","slug":"about","status":"publish","type":"page","link":"https:\/\/pomerantzfoundation.com\/fr\/about\/","title":{"rendered":"\u00c0 propos"},"content":{"rendered":"\t\t<div data-elementor-type=\"wp-page\" data-elementor-id=\"3153\" class=\"elementor elementor-3153 elementor-491\" data-elementor-post-type=\"page\">\n\t\t\t\t<div class=\"elementor-element elementor-element-0bcfe3e e-con-full e-flex e-con e-parent\" data-id=\"0bcfe3e\" data-element_type=\"container\" data-e-type=\"container\" data-settings=\"{&quot;background_background&quot;:&quot;classic&quot;}\">\n\t\t<div class=\"elementor-element elementor-element-7f93e45 e-flex e-con-boxed e-con e-child\" data-id=\"7f93e45\" data-element_type=\"container\" data-e-type=\"container\">\n\t\t\t\t\t<div class=\"e-con-inner\">\n\t\t\t\t\t<\/div>\n\t\t\t\t<\/div>\n\t\t\t\t<\/div>\n\t\t<div class=\"elementor-element elementor-element-98e1af3 e-con-full e-flex e-con e-parent\" data-id=\"98e1af3\" data-element_type=\"container\" data-e-type=\"container\" data-settings=\"{&quot;background_background&quot;:&quot;classic&quot;}\">\n\t\t<div class=\"elementor-element elementor-element-aec0cac e-flex e-con-boxed e-con e-child\" data-id=\"aec0cac\" data-element_type=\"container\" data-e-type=\"container\">\n\t\t\t\t\t<div class=\"e-con-inner\">\n\t\t<div class=\"elementor-element elementor-element-4c33833 e-con-full e-flex e-con e-child\" data-id=\"4c33833\" data-element_type=\"container\" data-e-type=\"container\" data-settings=\"{&quot;background_background&quot;:&quot;classic&quot;}\">\n\t\t\t\t<div class=\"elementor-element elementor-element-8daaa16 elementor-widget elementor-widget-text-editor\" data-id=\"8daaa16\" data-element_type=\"widget\" data-e-type=\"widget\" data-widget_type=\"text-editor.default\">\n\t\t\t\t\t\t\t\t\t<p>Fond\u00e9e en 1991 par Saul Pomerantz, <strong>la Fondation Pomerantz<\/strong> continue de venir en aide aux Montr\u00e9alais sous la supervision de la famille Pomerantz. Apr\u00e8s le d\u00e9c\u00e8s de Saul en juin 2002, la Fondation a poursuivi ses activit\u00e9s sous la direction de Terry Pomerantz jusqu\u2019en 2024. Terry a mis en place le tournoi de golf annuel, y voyant un moyen de mobiliser la communaut\u00e9 et de maximiser l\u2019impact de la Fondation. Ses d\u00e9cennies de leadership et son d\u00e9vouement \u00e0 la cause ont permis de garantir que 100 % des fonds collect\u00e9s soient directement revers\u00e9s pour aider les enfants et leurs familles. Ses fils, Derick et Jonathan Pomerantz, perp\u00e9tuent la tradition familiale et concentrent une grande partie de l\u2019attention et des dons de la Fondation sur l\u2019aide aux enfants et \u00e0 leurs familles.    <\/p><p>En plus du tournoi de golf annuel, la famille Pomerantz apporte son soutien tout au long de l&rsquo;ann\u00e9e en finan\u00e7ant r\u00e9guli\u00e8rement, par l&rsquo;interm\u00e9diaire de sa fondation, un large \u00e9ventail d&rsquo;initiatives caritatives. La fondation \u00e9tant enti\u00e8rement g\u00e9r\u00e9e par des b\u00e9n\u00e9voles, 100 % des dons sont directement revers\u00e9s aux b\u00e9n\u00e9ficiaires, sans frais de gestion ni salaires. <\/p><p>\u00ab Un enfant est impuissant face aux conditions \u00e9conomiques qui affectent ses parents \u00bb, d\u00e9clare le Pr\u00e9sident de la Fondation, Derick Pomerantz. \u00ab Nous pensons qu\u2019il est essentiel pour les familles aussi privil\u00e9gi\u00e9es que la n\u00f4tre d\u2019aider les enfants issus de milieux moins favoris\u00e9s. \u00bb <\/p><p>Depuis sa cr\u00e9ation en 1991, <strong>la Fondation Pomerantz<\/strong> a vers\u00e9 des dons \u00e0 plus de 30 fondations et organismes sans but lucratif. Ces organismes \u0153uvrent dans diff\u00e9rents domaines comme la recherche m\u00e9dicale, l\u2019\u00e9ducation, l\u2019aide aux a\u00een\u00e9s, des refuges pour femmes, etc. <\/p><p>Ces derni\u00e8res ann\u00e9es, d\u2019autres associations comme Jeunesse au soleil, La Sortie, West Island Women\u2019s Shelter, D\u00e9fi sportif AlterGo, Le Phare, Smiles of Innocence, la Fondation pour l\u2019enfance Starlight, Big Brothers Big Sisters, Myra&rsquo;s Kids, et la Fondation de l\u2019H\u00f4pital de Montr\u00e9al pour enfants sont venues s\u2019ajouter \u00e0 la liste des organismes soutenus par la Fondation.<\/p><h5>Notre mission<\/h5><p>La Fondation Pomerantz s\u2019engage \u00e0 cr\u00e9er un monde plus sain et plus \u00e9quitable en soutenant le sport, l\u2019\u00e9ducation, les arts et la culture, ainsi que des programmes de mentorat qui valorisent les jeunes en situation de handicap et les jeunes issus de familles confront\u00e9es \u00e0 des difficult\u00e9s \u00e9conomiques, en d\u00e9fendant leur droit de grandir, de participer et de r\u00e9ussir.<\/p>\t\t\t\t\t\t\t\t<\/div>\n\t\t\t\t<div class=\"elementor-element elementor-element-bf1c505 elementor-blockquote--align-left elementor-blockquote--skin-border elementor-widget elementor-widget-blockquote\" data-id=\"bf1c505\" data-element_type=\"widget\" data-e-type=\"widget\" data-widget_type=\"blockquote.default\">\n\t\t\t\t\t\t\t<blockquote class=\"elementor-blockquote\">\n\t\t\t<p class=\"elementor-blockquote__content\">\n\t\t\t\t\u00ab Un monde o\u00f9 chaque jeune, quelles que soient ses capacit\u00e9s ou sa situation financi\u00e8re, peut s\u2019\u00e9panouir, participer et r\u00e9aliser pleinement son potentiel. \u00bb\t\t\t<\/p>\n\t\t\t\t\t<\/blockquote>\n\t\t\t\t\t\t<\/div>\n\t\t\t\t<\/div>\n\t\t\t\t\t<\/div>\n\t\t\t\t<\/div>\n\t\t\t\t<\/div>\n\t\t\t\t<\/div>\n\t\t","protected":false},"excerpt":{"rendered":"<p>Fond\u00e9e en 1991 par Saul Pomerantz, la Fondation Pomerantz continue de venir en aide aux Montr\u00e9alais sous la supervision de la famille Pomerantz. Apr\u00e8s le d\u00e9c\u00e8s de Saul en juin 2002, la Fondation a poursuivi ses activit\u00e9s sous la direction de Terry Pomerantz jusqu\u2019en 2024. Terry a mis en place le tournoi de golf annuel, [&hellip;]<\/p>\n","protected":false},"author":1,"featured_media":0,"parent":0,"menu_order":0,"comment_status":"closed","ping_status":"closed","template":"","meta":{"_acf_changed":false,"footnotes":""},"class_list":["post-3153","page","type-page","status-publish","hentry"],"acf":[],"_links":{"self":[{"href":"https:\/\/pomerantzfoundation.com\/fr\/wp-json\/wp\/v2\/pages\/3153","targetHints":{"allow":["GET"]}}],"collection":[{"href":"https:\/\/pomerantzfoundation.com\/fr\/wp-json\/wp\/v2\/pages"}],"about":[{"href":"https:\/\/pomerantzfoundation.com\/fr\/wp-json\/wp\/v2\/types\/page"}],"author":[{"embeddable":true,"href":"https:\/\/pomerantzfoundation.com\/fr\/wp-json\/wp\/v2\/users\/1"}],"replies":[{"embeddable":true,"href":"https:\/\/pomerantzfoundation.com\/fr\/wp-json\/wp\/v2\/comments?post=3153"}],"version-history":[{"count":17,"href":"https:\/\/pomerantzfoundation.com\/fr\/wp-json\/wp\/v2\/pages\/3153\/revisions"}],"predecessor-version":[{"id":4931,"href":"https:\/\/pomerantzfoundation.com\/fr\/wp-json\/wp\/v2\/pages\/3153\/revisions\/4931"}],"wp:attachment":[{"href":"https:\/\/pomerantzfoundation.com\/fr\/wp-json\/wp\/v2\/media?parent=3153"}],"curies":[{"name":"wp","href":"https:\/\/api.w.org\/{rel}","templated":true}]}}