{"id":1790,"date":"2020-01-08T16:00:44","date_gmt":"2020-01-08T16:00:44","guid":{"rendered":"http:\/\/pomerantzfoundation.com\/contact\/"},"modified":"2021-09-30T19:25:48","modified_gmt":"2021-09-30T19:25:48","slug":"contact","status":"publish","type":"page","link":"https:\/\/pomerantzfoundation.com\/fr\/contact\/","title":{"rendered":"Contact"},"content":{"rendered":"<div class=\"wp-bootstrap-blocks-row row\">\n\t\n\n<div class=\"col-12 col-md-4\">\n\t\t\t\n\n<p>Fondation Pomerantz <br> 5151 rue de la Savane, bureau 400<br> Montr\u00e9al, Qu\u00e9bec, H4P 1V1<br> T\u00e9l\u00e9phone 514 341-8600<br> T\u00e9l\u00e9copieur 514 340-1389<\/p>\n\n\n\n<p><a rel=\"noreferrer noopener\" href=\"mailto:info@pomerantzfoundation.com\" target=\"_blank\">info@pomerantzfoundation.com<\/a><br><\/p>\n\n\t<\/div>\n\n\n\n<div class=\"col-12 col-md-8 contact-form\">\n\t\t\t\n<div class=\"frm_forms  with_frm_style frm_style_formidable-style\" id=\"frm_form_4_container\" >\n<form enctype=\"multipart\/form-data\" method=\"post\" class=\"frm-show-form  frm_pro_form \" id=\"form_contact-form-fr\" >\n<div class=\"frm_form_fields \">\n<fieldset>\n<legend class=\"frm_screen_reader\">Contact FR<\/legend>\r\n\r\n<div class=\"frm_fields_container\">\n<input type=\"hidden\" name=\"frm_action\" value=\"create\" \/>\n<input type=\"hidden\" name=\"form_id\" value=\"4\" \/>\n<input type=\"hidden\" name=\"frm_hide_fields_4\" id=\"frm_hide_fields_4\" value=\"\" \/>\n<input type=\"hidden\" name=\"form_key\" value=\"contact-form-fr\" \/>\n<input type=\"hidden\" name=\"item_meta[0]\" value=\"\" \/>\n<input type=\"hidden\" id=\"frm_submit_entry_4\" name=\"frm_submit_entry_4\" value=\"7d1eaa53d9\" \/><input type=\"hidden\" name=\"_wp_http_referer\" value=\"\/fr\/wp-json\/wp\/v2\/pages\/1790\" \/><div id=\"frm_field_46_container\" class=\"frm_form_field form-field  frm_required_field frm_top_container frm_first\">\r\n    <label for=\"field_qh4icy0e1647d2f430acc7b801\" id=\"field_qh4icy0e1647d2f430acc7b801_label\" class=\"frm_primary_label\">Nom\r\n        <span class=\"frm_required\" aria-hidden=\"true\">*<\/span>\r\n    <\/label>\r\n    <input  type=\"text\" id=\"field_qh4icy0e1647d2f430acc7b801\" name=\"item_meta[46]\" value=\"\"  data-reqmsg=\"Nom cannot be blank.\" aria-required=\"true\" data-invmsg=\"Name is invalid\" aria-invalid=\"false\"   \/>\r\n    \r\n    \r\n<\/div>\n<div id=\"frm_field_47_container\" class=\"frm_form_field form-field  frm_required_field frm_top_container frm_full\">\r\n    <label for=\"field_29yf4d10a75af1412051bb2a26\" id=\"field_29yf4d10a75af1412051bb2a26_label\" class=\"frm_primary_label\">Courriel\r\n        <span class=\"frm_required\" aria-hidden=\"true\">*<\/span>\r\n    <\/label>\r\n    <input type=\"email\" id=\"field_29yf4d10a75af1412051bb2a26\" name=\"item_meta[47]\" value=\"\"  data-reqmsg=\"Courriel cannot be blank.\" aria-required=\"true\" data-invmsg=\"Please enter a valid email address\" aria-invalid=\"false\"  \/>\r\n    \r\n    \r\n<\/div>\n<div id=\"frm_field_48_container\" class=\"frm_form_field form-field  frm_top_container frm_full\">\r\n    <label for=\"field_e6lis67b3a6593694a377f5827\" id=\"field_e6lis67b3a6593694a377f5827_label\" class=\"frm_primary_label\">Sujet\r\n        <span class=\"frm_required\" aria-hidden=\"true\"><\/span>\r\n    <\/label>\r\n    <input  type=\"text\" id=\"field_e6lis67b3a6593694a377f5827\" name=\"item_meta[48]\" value=\"\"  data-invmsg=\"Subject is invalid\" aria-invalid=\"false\"   \/>\r\n    \r\n    \r\n<\/div>\n<div id=\"frm_field_49_container\" class=\"frm_form_field form-field  frm_top_container frm_full\">\r\n    <label for=\"field_9jv0r15e8213c6a7be453a68ab\" id=\"field_9jv0r15e8213c6a7be453a68ab_label\" class=\"frm_primary_label\">Message\r\n        <span class=\"frm_required\" aria-hidden=\"true\"><\/span>\r\n    <\/label>\r\n    <textarea name=\"item_meta[49]\" id=\"field_9jv0r15e8213c6a7be453a68ab\" rows=\"5\"  data-invmsg=\"Message est non valide\" aria-invalid=\"false\"  ><\/textarea>\r\n    \r\n    \r\n<\/div>\n<div id=\"frm_field_89_container\" class=\"frm_form_field form-field  frm_none_container\">\r\n    <label for=\"g-recaptcha-response\" id=\"field_gyw14_label\" class=\"frm_primary_label\">reCAPTCHA\r\n        <span class=\"frm_required\" aria-hidden=\"true\"><\/span>\r\n    <\/label>\r\n    <div  id=\"field_gyw14\" class=\"frm-g-recaptcha\" data-sitekey=\"6LcEjPAUAAAAAIKn1YnL50ii34PeAhjqRKaZnmL9\" data-size=\"invisible\" data-theme=\"light\"><\/div>\r\n    \r\n    \r\n<\/div>\n\t<input type=\"hidden\" name=\"item_key\" value=\"\" \/>\n\t\t\t<div id=\"frm_field_347_container\">\n\t\t\t<label for=\"field_kgkn8\" >\n\t\t\t\tSi vous \u00eates un humain, ne remplissez pas ce champ.\t\t\t<\/label>\n\t\t\t<input  id=\"field_kgkn8\" type=\"text\" class=\"frm_form_field form-field frm_verify\" name=\"item_meta[347]\" value=\"\"  \/>\n\t\t<\/div>\n\t\t<input name=\"frm_state\" type=\"hidden\" value=\"L8zpw2qz15LZbBLyHyoCXh6HIZsyoTo0jk4kE8pfhsIUMAAeHs4tgG0nGfndDu18\" \/><div class=\"frm_submit\">\r\n\r\n<button class=\"frm_button_submit frm_final_submit btn-form btn\" type=\"submit\"   formnovalidate=\"formnovalidate\">Envoyer<\/button>\r\n\r\n<\/div><\/div>\n<\/fieldset>\n<\/div>\n\n<\/form>\n<\/div>\n\n\n\t<\/div>\n\n<\/div>\n","protected":false},"excerpt":{"rendered":"","protected":false},"author":1,"featured_media":2066,"parent":0,"menu_order":0,"comment_status":"closed","ping_status":"closed","template":"","meta":{"_acf_changed":false,"footnotes":""},"class_list":["post-1790","page","type-page","status-publish","has-post-thumbnail","hentry"],"acf":[],"yoast_head":"<!-- This site is optimized with the Yoast SEO plugin v27.2 - https:\/\/yoast.com\/product\/yoast-seo-wordpress\/ -->\n<title>Contact - Pomerantz Foundation<\/title>\n<meta name=\"robots\" content=\"index, follow, max-snippet:-1, max-image-preview:large, max-video-preview:-1\" \/>\n<link rel=\"canonical\" href=\"https:\/\/pomerantzfoundation.com\/contact\/\" \/>\n<meta property=\"og:locale\" content=\"fr_FR\" \/>\n<meta property=\"og:type\" content=\"article\" \/>\n<meta property=\"og:title\" content=\"Contact - Pomerantz Foundation\" \/>\n<meta property=\"og:url\" content=\"https:\/\/pomerantzfoundation.com\/contact\/\" \/>\n<meta property=\"og:site_name\" content=\"Pomerantz Foundation\" \/>\n<meta property=\"article:modified_time\" content=\"2021-09-30T19:25:48+00:00\" \/>\n<meta property=\"og:image\" content=\"https:\/\/pomerantzfoundation.com\/wp-content\/uploads\/2021\/09\/iStock-1133921273.jpg\" \/>\n\t<meta property=\"og:image:width\" content=\"1980\" \/>\n\t<meta property=\"og:image:height\" content=\"1114\" \/>\n\t<meta property=\"og:image:type\" content=\"image\/jpeg\" \/>\n<meta name=\"twitter:card\" content=\"summary_large_image\" \/>\n<meta name=\"twitter:label1\" content=\"Dur\u00e9e de lecture estim\u00e9e\" \/>\n\t<meta name=\"twitter:data1\" content=\"1 minute\" \/>\n<script type=\"application\/ld+json\" class=\"yoast-schema-graph\">{\"@context\":\"https:\/\/schema.org\",\"@graph\":[{\"@type\":\"WebPage\",\"@id\":\"https:\/\/pomerantzfoundation.com\/contact\/\",\"url\":\"https:\/\/pomerantzfoundation.com\/contact\/\",\"name\":\"Contact - Pomerantz Foundation\",\"isPartOf\":{\"@id\":\"https:\/\/pomerantzfoundation.com\/#website\"},\"primaryImageOfPage\":{\"@id\":\"https:\/\/pomerantzfoundation.com\/contact\/#primaryimage\"},\"image\":{\"@id\":\"https:\/\/pomerantzfoundation.com\/contact\/#primaryimage\"},\"thumbnailUrl\":\"https:\/\/pomerantzfoundation.com\/wp-content\/uploads\/2021\/09\/iStock-1133921273.jpg\",\"datePublished\":\"2020-01-08T16:00:44+00:00\",\"dateModified\":\"2021-09-30T19:25:48+00:00\",\"breadcrumb\":{\"@id\":\"https:\/\/pomerantzfoundation.com\/contact\/#breadcrumb\"},\"inLanguage\":\"fr-FR\",\"potentialAction\":[{\"@type\":\"ReadAction\",\"target\":[\"https:\/\/pomerantzfoundation.com\/contact\/\"]}]},{\"@type\":\"ImageObject\",\"inLanguage\":\"fr-FR\",\"@id\":\"https:\/\/pomerantzfoundation.com\/contact\/#primaryimage\",\"url\":\"https:\/\/pomerantzfoundation.com\/wp-content\/uploads\/2021\/09\/iStock-1133921273.jpg\",\"contentUrl\":\"https:\/\/pomerantzfoundation.com\/wp-content\/uploads\/2021\/09\/iStock-1133921273.jpg\",\"width\":1980,\"height\":1114},{\"@type\":\"BreadcrumbList\",\"@id\":\"https:\/\/pomerantzfoundation.com\/contact\/#breadcrumb\",\"itemListElement\":[{\"@type\":\"ListItem\",\"position\":1,\"name\":\"Home\",\"item\":\"https:\/\/pomerantzfoundation.com\/fr\/\"},{\"@type\":\"ListItem\",\"position\":2,\"name\":\"Contact\"}]},{\"@type\":\"WebSite\",\"@id\":\"https:\/\/pomerantzfoundation.com\/#website\",\"url\":\"https:\/\/pomerantzfoundation.com\/\",\"name\":\"Pomerantz Foundation\",\"description\":\"Give a little, it&#039;s easy\",\"potentialAction\":[{\"@type\":\"SearchAction\",\"target\":{\"@type\":\"EntryPoint\",\"urlTemplate\":\"https:\/\/pomerantzfoundation.com\/?s={search_term_string}\"},\"query-input\":{\"@type\":\"PropertyValueSpecification\",\"valueRequired\":true,\"valueName\":\"search_term_string\"}}],\"inLanguage\":\"fr-FR\"}]}<\/script>\n<!-- \/ Yoast SEO plugin. -->","yoast_head_json":{"title":"Contact - Pomerantz Foundation","robots":{"index":"index","follow":"follow","max-snippet":"max-snippet:-1","max-image-preview":"max-image-preview:large","max-video-preview":"max-video-preview:-1"},"canonical":"https:\/\/pomerantzfoundation.com\/contact\/","og_locale":"fr_FR","og_type":"article","og_title":"Contact - Pomerantz Foundation","og_url":"https:\/\/pomerantzfoundation.com\/contact\/","og_site_name":"Pomerantz Foundation","article_modified_time":"2021-09-30T19:25:48+00:00","og_image":[{"width":1980,"height":1114,"url":"https:\/\/pomerantzfoundation.com\/wp-content\/uploads\/2021\/09\/iStock-1133921273.jpg","type":"image\/jpeg"}],"twitter_card":"summary_large_image","twitter_misc":{"Dur\u00e9e de lecture estim\u00e9e":"1 minute"},"schema":{"@context":"https:\/\/schema.org","@graph":[{"@type":"WebPage","@id":"https:\/\/pomerantzfoundation.com\/contact\/","url":"https:\/\/pomerantzfoundation.com\/contact\/","name":"Contact - Pomerantz Foundation","isPartOf":{"@id":"https:\/\/pomerantzfoundation.com\/#website"},"primaryImageOfPage":{"@id":"https:\/\/pomerantzfoundation.com\/contact\/#primaryimage"},"image":{"@id":"https:\/\/pomerantzfoundation.com\/contact\/#primaryimage"},"thumbnailUrl":"https:\/\/pomerantzfoundation.com\/wp-content\/uploads\/2021\/09\/iStock-1133921273.jpg","datePublished":"2020-01-08T16:00:44+00:00","dateModified":"2021-09-30T19:25:48+00:00","breadcrumb":{"@id":"https:\/\/pomerantzfoundation.com\/contact\/#breadcrumb"},"inLanguage":"fr-FR","potentialAction":[{"@type":"ReadAction","target":["https:\/\/pomerantzfoundation.com\/contact\/"]}]},{"@type":"ImageObject","inLanguage":"fr-FR","@id":"https:\/\/pomerantzfoundation.com\/contact\/#primaryimage","url":"https:\/\/pomerantzfoundation.com\/wp-content\/uploads\/2021\/09\/iStock-1133921273.jpg","contentUrl":"https:\/\/pomerantzfoundation.com\/wp-content\/uploads\/2021\/09\/iStock-1133921273.jpg","width":1980,"height":1114},{"@type":"BreadcrumbList","@id":"https:\/\/pomerantzfoundation.com\/contact\/#breadcrumb","itemListElement":[{"@type":"ListItem","position":1,"name":"Home","item":"https:\/\/pomerantzfoundation.com\/fr\/"},{"@type":"ListItem","position":2,"name":"Contact"}]},{"@type":"WebSite","@id":"https:\/\/pomerantzfoundation.com\/#website","url":"https:\/\/pomerantzfoundation.com\/","name":"Pomerantz Foundation","description":"Give a little, it&#039;s easy","potentialAction":[{"@type":"SearchAction","target":{"@type":"EntryPoint","urlTemplate":"https:\/\/pomerantzfoundation.com\/?s={search_term_string}"},"query-input":{"@type":"PropertyValueSpecification","valueRequired":true,"valueName":"search_term_string"}}],"inLanguage":"fr-FR"}]}},"_links":{"self":[{"href":"https:\/\/pomerantzfoundation.com\/fr\/wp-json\/wp\/v2\/pages\/1790","targetHints":{"allow":["GET"]}}],"collection":[{"href":"https:\/\/pomerantzfoundation.com\/fr\/wp-json\/wp\/v2\/pages"}],"about":[{"href":"https:\/\/pomerantzfoundation.com\/fr\/wp-json\/wp\/v2\/types\/page"}],"author":[{"embeddable":true,"href":"https:\/\/pomerantzfoundation.com\/fr\/wp-json\/wp\/v2\/users\/1"}],"replies":[{"embeddable":true,"href":"https:\/\/pomerantzfoundation.com\/fr\/wp-json\/wp\/v2\/comments?post=1790"}],"version-history":[{"count":5,"href":"https:\/\/pomerantzfoundation.com\/fr\/wp-json\/wp\/v2\/pages\/1790\/revisions"}],"predecessor-version":[{"id":2050,"href":"https:\/\/pomerantzfoundation.com\/fr\/wp-json\/wp\/v2\/pages\/1790\/revisions\/2050"}],"wp:featuredmedia":[{"embeddable":true,"href":"https:\/\/pomerantzfoundation.com\/fr\/wp-json\/wp\/v2\/media\/2066"}],"wp:attachment":[{"href":"https:\/\/pomerantzfoundation.com\/fr\/wp-json\/wp\/v2\/media?parent=1790"}],"curies":[{"name":"wp","href":"https:\/\/api.w.org\/{rel}","templated":true}]}}